{"id":6,"date":"2016-10-10T11:57:56","date_gmt":"2016-10-10T09:57:56","guid":{"rendered":"http:\/\/leschataigniers.org\/?page_id=6"},"modified":"2017-10-24T19:31:45","modified_gmt":"2017-10-24T17:31:45","slug":"les-chataigniers-demenageur-demenagement-visa-chine-visa-inde-visa-vietnam-visa-russie-croisiere-safari-afrique-garde-meubles-viager","status":"publish","type":"page","link":"https:\/\/leschataigniers.org\/","title":{"rendered":"Les chataigniers"},"content":{"rendered":"<h2><strong>Le ch\u00e2taignier :<\/strong><\/h2>\n<p>&nbsp;<\/p>\n<p><img loading=\"lazy\" class=\"alignright size-medium wp-image-9\" src=\"https:\/\/leschataigniers.org\/wp-content\/uploads\/2016\/10\/5-1.jpeg-300x150.jpg\" alt=\"5-1.jpeg\" width=\"300\" height=\"150\" srcset=\"https:\/\/leschataigniers.org\/wp-content\/uploads\/2016\/10\/5-1.jpeg-300x150.jpg 300w, https:\/\/leschataigniers.org\/wp-content\/uploads\/2016\/10\/5-1.jpeg-230x115.jpg 230w, https:\/\/leschataigniers.org\/wp-content\/uploads\/2016\/10\/5-1.jpeg.jpg 318w\" sizes=\"(max-width: 300px) 100vw, 300px\" \/>Le ch\u00e2taignier est un arbre tr\u00e8s int\u00e9ressant, historiquement parlant, car son fruit, la ch\u00e2taigne (riche en vitamine C) a longtemps \u00e9t\u00e9 la nourriture du pauvre; en effet, cet arbre pousse sur les sols les plus arides, ce qui a permis d&rsquo;avoir de la nourriture autre que les c\u00e9r\u00e9ales \u00e0 l&rsquo;\u00e9poque o\u00f9 la France \u00e9tait &lsquo;envahie&rsquo; par les Romains. Son fruit ne sera plus une alimentation &lsquo;principale&rsquo; \u00e0 l&rsquo;apparition de la pomme de terre. C&rsquo;est donc un arbre tr\u00e8s facile \u00e0 faire pousser et \u00e0 entretenir, il existe 4 vari\u00e9t\u00e9s de ch\u00e2taignier commun, et des ch\u00e2taigniers de Chine et d\u2019Am\u00e9rique. Cet arbre peut atteindre 10 m\u00e8tres de haut, il atteint son \u00e2ge adulte vers 20 ans. Son fruit se r\u00e9colte entre fin septembre et mi novembre. La semis s&rsquo;effectue en automne, s&rsquo;il s&rsquo;agit de graine le ch\u00e2taignier fructifie au bout de 20 \u00e0 25 ans seulement, pour avoir des fruits au bout de 5 ans, il faut alors greffer ou marcotter par couchage. Le ch\u00e2taignier a besoin de minimum 700-800 mm de pluie pour produire plus de fruits l&rsquo;ann\u00e9e suivante.<\/p>\n<p>&nbsp;<\/p>\n<h2><strong>D\u00e9m\u00e9nagement :<\/strong><\/h2>\n<p>&nbsp;<\/p>\n<p>Vous cherchez un d\u00e9m\u00e9nageur <a href=\"http:\/\/demenageur.com\">demenageur.com<\/a>\u00a0, pour prendre en charge votre d\u00e9m\u00e9nagement <a href=\"http:\/\/demenageur.com\/demenagement\/\">demenageur.com\/demenagement\/<\/a>\u00a0? Il est possible de faire un devis d\u00e9m\u00e9nagement <a href=\"http:\/\/demenageur.com\/devis-demenagement\/\">demenageur.com\/devis-demenagement\/<\/a>\u00a0, afin d&rsquo;obtenir le meilleur prix. Choisir un d\u00e9m\u00e9nageur professionnel permet d&rsquo;avoir une assurance en cas si des cartons ou du mobilier\/\u00e9lectrom\u00e9nager est endommag\u00e9 pendant le d\u00e9m\u00e9nagement mais \u00e9galement, cela \u00e9vite de vous blesser en portant des charges trop lourdes (les d\u00e9m\u00e9nageurs sont \u00e9quip\u00e9s de diable, ceintures pour le dos, harnais et sangles etc). Les soci\u00e9t\u00e9s de d\u00e9m\u00e9nagement proposent aussi des services de garde meuble\u00a0, afin que vous puissiez stocker vos meubles le temps de votre d\u00e9m\u00e9nagement, mais \u00e9galement en cas de changement de domicile plus petit et que vous souhaitiez conserver malgr\u00e9 tout le surplus.<\/p>\n<p>&nbsp;<\/p>\n<h2><strong>Assurance vie :<\/strong><\/h2>\n<p>&nbsp;<\/p>\n<p>Une assurance vie <a href=\"http:\/\/lassurancevie.fr\">lassurancevie.fr<\/a>\u00a0est une assurance que l&rsquo;on souscrit afin de permettre \u00e0 ses proches de recevoir une somme qui assurera les frais li\u00e9s \u00e0 l&rsquo;enterrement, mais parfois aussi les aider \u00e0 payer les dettes non r\u00e9gl\u00e9es de votre vivant, s&rsquo;ils acceptent de toucher l&rsquo;argent que vous laissez, afin qu&rsquo;ils n&rsquo;aient pas \u00e0 les assumer \u00e0 votre place. un autre placement peut-\u00eatre le viager. Une assurance vie se souscrit souvent vers la quarantaine, mais il est tout \u00e0 fait possible d&rsquo;en demander une avant selon votre banque et\/ou organisme d&rsquo;assurance. Une assurance vie peut \u00e9galement servir \u00e0 \u00e9pargner sur le long terme pour ensuite financer des projets divers (un peu comme une \u00e9pargne retraite) afin de profiter de l&rsquo;argent gagner de son vivant.<\/p>\n<p>&nbsp;<\/p>\n<h2><strong>Visa :<\/strong><\/h2>\n<p>&nbsp;<\/p>\n<p>Le visa est un document officiel qui est obligatoire pour voyager hors des fronti\u00e8res de l&rsquo;Europe. Il existe des visas pour le tourisme et les affaires qui sont les plus courants. Un visa pour la visa Chine <a href=\"http:\/\/visachine.fr\">visachine.fr<\/a>\u00a0, la visa Russie\u00a0, l&rsquo; visa inde\u00a0et le visa Vietnam\u00a0sont indispensables pour visiter ces pays; ce sont des visas assez facile et rapide \u00e0 obtenir, \u00e0 condition d&rsquo;avoir un passeport valable et des r\u00e9servations d\u00e9j\u00e0 faites (h\u00f4tels et avions). Le visa Vietnamien est \u00e0 demander uniquement \u00e0 l&rsquo;ambassade du Vietnam \u00e0 Paris, pour les autres visas, il est possible d&rsquo;en faire la demande en ligne. Ces visas en particuliers peuvent vous permettre de prendre l&rsquo;\u00e9quivalent de l&rsquo;Orient express, pour visiter les pays Orientaux en train par exemple.<\/p>\n<p>&nbsp;<\/p>\n<p>&nbsp;<\/p>\n<h2><strong>Croisi\u00e8res :<\/strong><\/h2>\n<p>&nbsp;<\/p>\n<p>Une croisi\u00e8re\u00a0pour les vacances est le r\u00eave de beaucoup de personnes, gr\u00e2ce notamment aux divers circuits propos\u00e9s, aux prestations \u00e0 bord et \u00e0 ce moyen de transport qui fascine. On quitte litt\u00e9ralement la terre ferme pour d\u00e9couvrir de nouveaux horizons. Il y en a pour tous les go\u00fbts, avec des destinations au soleil (M\u00e9diterran\u00e9e, Cara\u00efbes etc), mais aussi dans des pays plus au Nord comme les Pays Scandinave, offrant chacun des panoramas majestueux. Il y en a aussi pour tous les budgets, avec des trajets plus ou moins luxueux, suivant la distance parcourue. Enfin, il y a des croisi\u00e8res qui ne suivent pas les circuits habituels, mais la route que &lsquo;Miss Liberty&rsquo; a suivi lorsqu&rsquo;elle a quitt\u00e9 Rouen pour les Etats-Unis, afin de devenir le symbole de la libert\u00e9 en Am\u00e9rique du Nord; un bateau de luxe propose cette magnifique croisi\u00e8re qui est \u00e0 la port\u00e9e de tous r\u00eaveurs.<\/p>\n<p>&nbsp;<\/p>\n<h2><strong>Safari :<\/strong><\/h2>\n<p>&nbsp;<\/p>\n<p>Un safari Afrique \u00a0est sans doute le choix le plus id\u00e9al pour r\u00e9aliser ce r\u00eave mythique, \u00e0 bord d&rsquo;un 4X4, pour y d\u00e9couvrir la faune et la flore de ce pays riche en magnifique panorama. Le plus connu est sans doute le \u00a0 , dans la r\u00e9serve de Masai Mara, qui pour les fans du fameux dessin anim\u00e9 avec pour h\u00e9ros un lion nomm\u00e9 Simba, retrouveront les paysages qui ont inspir\u00e9s celui-ci. D&rsquo;autres safaris ont aussi le m\u00e9rite d&rsquo;\u00eatre fait, comme celui d&rsquo; \u00a0qui est un peu plus luxueux et priv\u00e9, offrant des vus similaires au safari du Kenya mais \u00e0 quelques exceptions pr\u00e8s comme la visite des chutes Victoria par exemple. Le\u00a0vaut \u00e9galement le d\u00e9tour, au pied du Kilimandjaro, il est possible de faire ce safari \u00e0 cheval.<\/p>\n","protected":false},"excerpt":{"rendered":"<p>Le ch\u00e2taignier : &nbsp; Le ch\u00e2taignier est un arbre tr\u00e8s int\u00e9ressant, historiquement parlant, car son fruit, la ch\u00e2taigne (riche en vitamine C) a longtemps \u00e9t\u00e9 la nourriture du pauvre; en effet, cet arbre pousse sur les sols les plus arides, &#8230;<\/p>\n","protected":false},"author":1,"featured_media":0,"parent":0,"menu_order":0,"comment_status":"closed","ping_status":"closed","template":"","meta":[],"_links":{"self":[{"href":"https:\/\/leschataigniers.org\/index.php\/wp-json\/wp\/v2\/pages\/6"}],"collection":[{"href":"https:\/\/leschataigniers.org\/index.php\/wp-json\/wp\/v2\/pages"}],"about":[{"href":"https:\/\/leschataigniers.org\/index.php\/wp-json\/wp\/v2\/types\/page"}],"author":[{"embeddable":true,"href":"https:\/\/leschataigniers.org\/index.php\/wp-json\/wp\/v2\/users\/1"}],"replies":[{"embeddable":true,"href":"https:\/\/leschataigniers.org\/index.php\/wp-json\/wp\/v2\/comments?post=6"}],"version-history":[{"count":4,"href":"https:\/\/leschataigniers.org\/index.php\/wp-json\/wp\/v2\/pages\/6\/revisions"}],"predecessor-version":[{"id":12,"href":"https:\/\/leschataigniers.org\/index.php\/wp-json\/wp\/v2\/pages\/6\/revisions\/12"}],"wp:attachment":[{"href":"https:\/\/leschataigniers.org\/index.php\/wp-json\/wp\/v2\/media?parent=6"}],"curies":[{"name":"wp","href":"https:\/\/api.w.org\/{rel}","templated":true}]}}